{"id":1116,"date":"2022-05-03T14:53:26","date_gmt":"2022-05-03T18:53:26","guid":{"rendered":"https:\/\/aparthotelbianco.cl\/regras\/"},"modified":"2022-05-20T10:30:40","modified_gmt":"2022-05-20T14:30:40","slug":"regras","status":"publish","type":"page","link":"https:\/\/aparthotelbianco.cl\/pt-br\/regras\/","title":{"rendered":"Regras"},"content":{"rendered":"\t\t<div data-elementor-type=\"wp-page\" data-elementor-id=\"1116\" class=\"elementor elementor-1116 elementor-958\">\n\t\t\t\t\t\t\t\t\t<section class=\"elementor-section elementor-top-section elementor-element elementor-element-499a836b elementor-section-height-min-height elementor-section-full_width elementor-section-items-stretch elementor-section-stretched elementor-reverse-tablet elementor-reverse-mobile elementor-section-height-default\" data-id=\"499a836b\" data-element_type=\"section\" data-settings=\"{&quot;background_background&quot;:&quot;slideshow&quot;,&quot;shape_divider_bottom&quot;:&quot;mountains&quot;,&quot;stretch_section&quot;:&quot;section-stretched&quot;,&quot;background_slideshow_gallery&quot;:[{&quot;id&quot;:1137,&quot;url&quot;:&quot;https:\\\/\\\/aparthotelbianco.cl\\\/wp-content\\\/uploads\\\/2022\\\/05\\\/CFB9D011-3168-48CE-BDD1-D2878E2B4073-1-105-c.jpeg&quot;}],&quot;background_slideshow_ken_burns&quot;:&quot;yes&quot;,&quot;background_slideshow_loop&quot;:&quot;yes&quot;,&quot;background_slideshow_slide_duration&quot;:5000,&quot;background_slideshow_slide_transition&quot;:&quot;fade&quot;,&quot;background_slideshow_transition_duration&quot;:500,&quot;background_slideshow_ken_burns_zoom_direction&quot;:&quot;in&quot;}\">\n\t\t\t\t\t\t\t<div class=\"elementor-background-overlay\"><\/div>\n\t\t\t\t\t\t<div class=\"elementor-shape elementor-shape-bottom\" data-negative=\"false\">\n\t\t\t<svg xmlns=\"http:\/\/www.w3.org\/2000\/svg\" viewBox=\"0 0 1000 100\" preserveAspectRatio=\"none\">\n\t<path class=\"elementor-shape-fill\" opacity=\"0.33\" d=\"M473,67.3c-203.9,88.3-263.1-34-320.3,0C66,119.1,0,59.7,0,59.7V0h1000v59.7 c0,0-62.1,26.1-94.9,29.3c-32.8,3.3-62.8-12.3-75.8-22.1C806,49.6,745.3,8.7,694.9,4.7S492.4,59,473,67.3z\"\/>\n\t<path class=\"elementor-shape-fill\" opacity=\"0.66\" d=\"M734,67.3c-45.5,0-77.2-23.2-129.1-39.1c-28.6-8.7-150.3-10.1-254,39.1 s-91.7-34.4-149.2,0C115.7,118.3,0,39.8,0,39.8V0h1000v36.5c0,0-28.2-18.5-92.1-18.5C810.2,18.1,775.7,67.3,734,67.3z\"\/>\n\t<path class=\"elementor-shape-fill\" d=\"M766.1,28.9c-200-57.5-266,65.5-395.1,19.5C242,1.8,242,5.4,184.8,20.6C128,35.8,132.3,44.9,89.9,52.5C28.6,63.7,0,0,0,0 h1000c0,0-9.9,40.9-83.6,48.1S829.6,47,766.1,28.9z\"\/>\n<\/svg>\t\t<\/div>\n\t\t\t\t\t<div class=\"elementor-container elementor-column-gap-default\">\n\t\t\t\t\t<div class=\"elementor-column elementor-col-100 elementor-top-column elementor-element elementor-element-44f42540\" data-id=\"44f42540\" data-element_type=\"column\">\n\t\t\t<div class=\"elementor-widget-wrap elementor-element-populated\">\n\t\t\t\t\t\t\t\t<div class=\"elementor-element elementor-element-24ad20b0 elementor-widget elementor-widget-heading\" data-id=\"24ad20b0\" data-element_type=\"widget\" data-widget_type=\"heading.default\">\n\t\t\t\t<div class=\"elementor-widget-container\">\n\t\t\t<h1 class=\"elementor-heading-title elementor-size-default\">Regras<\/h1>\t\t<\/div>\n\t\t\t\t<\/div>\n\t\t\t\t<div class=\"elementor-element elementor-element-12a98c1e elementor-widget elementor-widget-text-editor\" data-id=\"12a98c1e\" data-element_type=\"widget\" data-widget_type=\"text-editor.default\">\n\t\t\t\t<div class=\"elementor-widget-container\">\n\t\t\t\t\t\t\t<p><strong>N\u00e3o queremos te encher de regras!<\/strong><\/p>\n<p>Creamos unas pol\u00edticas sencillas, transparentes y super claras para mantener la armon\u00eda y buenas vibras.<\/p>\t\t\t\t\t\t<\/div>\n\t\t\t\t<\/div>\n\t\t\t\t\t<\/div>\n\t\t<\/div>\n\t\t\t\t\t\t\t<\/div>\n\t\t<\/section>\n\t\t\t\t<section class=\"elementor-section elementor-top-section elementor-element elementor-element-1526126f elementor-section-full_width elementor-section-height-default elementor-section-height-default\" data-id=\"1526126f\" data-element_type=\"section\" id=\"checkin-checkout\">\n\t\t\t\t\t\t<div class=\"elementor-container elementor-column-gap-default\">\n\t\t\t\t\t<div class=\"elementor-column elementor-col-50 elementor-top-column elementor-element elementor-element-29c5fe70\" data-id=\"29c5fe70\" data-element_type=\"column\">\n\t\t\t<div class=\"elementor-widget-wrap elementor-element-populated\">\n\t\t\t\t\t\t\t\t<div class=\"elementor-element elementor-element-68c434fa elementor-widget elementor-widget-image\" data-id=\"68c434fa\" data-element_type=\"widget\" data-widget_type=\"image.default\">\n\t\t\t\t<div class=\"elementor-widget-container\">\n\t\t\t\t\t\t\t\t\t\t\t\t\t\t\t<img width=\"1920\" height=\"1283\" src=\"https:\/\/aparthotelbianco.cl\/wp-content\/uploads\/2022\/05\/jumpstory-download20220413-160543-scaled-1.jpg\" class=\"attachment-full size-full\" alt=\"\" srcset=\"https:\/\/aparthotelbianco.cl\/wp-content\/uploads\/2022\/05\/jumpstory-download20220413-160543-scaled-1.jpg 1920w, https:\/\/aparthotelbianco.cl\/wp-content\/uploads\/2022\/05\/jumpstory-download20220413-160543-scaled-1-300x200.jpg 300w, https:\/\/aparthotelbianco.cl\/wp-content\/uploads\/2022\/05\/jumpstory-download20220413-160543-scaled-1-1024x684.jpg 1024w, https:\/\/aparthotelbianco.cl\/wp-content\/uploads\/2022\/05\/jumpstory-download20220413-160543-scaled-1-768x513.jpg 768w, https:\/\/aparthotelbianco.cl\/wp-content\/uploads\/2022\/05\/jumpstory-download20220413-160543-scaled-1-1536x1026.jpg 1536w\" sizes=\"(max-width: 1920px) 100vw, 1920px\" \/>\t\t\t\t\t\t\t\t\t\t\t\t\t\t\t<\/div>\n\t\t\t\t<\/div>\n\t\t\t\t\t<\/div>\n\t\t<\/div>\n\t\t\t\t<div class=\"elementor-column elementor-col-50 elementor-top-column elementor-element elementor-element-757bddc2\" data-id=\"757bddc2\" data-element_type=\"column\" data-settings=\"{&quot;background_background&quot;:&quot;classic&quot;}\">\n\t\t\t<div class=\"elementor-widget-wrap elementor-element-populated\">\n\t\t\t\t\t\t\t\t<div class=\"elementor-element elementor-element-5a24802d elementor-widget elementor-widget-heading\" data-id=\"5a24802d\" data-element_type=\"widget\" data-widget_type=\"heading.default\">\n\t\t\t\t<div class=\"elementor-widget-container\">\n\t\t\t<h3 class=\"elementor-heading-title elementor-size-default\">Nosso<\/h3>\t\t<\/div>\n\t\t\t\t<\/div>\n\t\t\t\t<div class=\"elementor-element elementor-element-24398c29 elementor-widget elementor-widget-heading\" data-id=\"24398c29\" data-element_type=\"widget\" data-widget_type=\"heading.default\">\n\t\t\t\t<div class=\"elementor-widget-container\">\n\t\t\t<h2 class=\"elementor-heading-title elementor-size-default\">regulamento interno<\/h2>\t\t<\/div>\n\t\t\t\t<\/div>\n\t\t\t\t<div class=\"elementor-element elementor-element-37ad166 elementor-widget elementor-widget-text-editor\" data-id=\"37ad166\" data-element_type=\"widget\" data-widget_type=\"text-editor.default\">\n\t\t\t\t<div class=\"elementor-widget-container\">\n\t\t\t\t\t\t\t<p>Hor\u00e1rios de check-in e check-out<\/p>\n<ul>\n<li>Entrada: 15h00<\/li>\n<li>Sa\u00edda: 11h00<\/li>\n<\/ul>\n<div>&nbsp;<\/div>\n<p><b>Sabemos que \u00e9 dif\u00edcil partir, mas devemos preparar uma nova experi\u00eancia.<\/b><\/p>\n<p>\u00a1Ay\u00fadanos! dejando el departamento libre a m\u00e1s tardar a las <b>11:00 am<\/b>.<\/p>\t\t\t\t\t\t<\/div>\n\t\t\t\t<\/div>\n\t\t\t\t\t<\/div>\n\t\t<\/div>\n\t\t\t\t\t\t\t<\/div>\n\t\t<\/section>\n\t\t\t\t<section class=\"elementor-section elementor-top-section elementor-element elementor-element-61eccf61 elementor-section-full_width elementor-section-height-default elementor-section-height-default\" data-id=\"61eccf61\" data-element_type=\"section\">\n\t\t\t\t\t\t<div class=\"elementor-container elementor-column-gap-default\">\n\t\t\t\t\t<div class=\"elementor-column elementor-col-100 elementor-top-column elementor-element elementor-element-4a88db67\" data-id=\"4a88db67\" data-element_type=\"column\">\n\t\t\t<div class=\"elementor-widget-wrap elementor-element-populated\">\n\t\t\t\t\t\t\t\t<div class=\"elementor-element elementor-element-1d918065 elementor-widget elementor-widget-text-editor\" data-id=\"1d918065\" data-element_type=\"widget\" data-widget_type=\"text-editor.default\">\n\t\t\t\t<div class=\"elementor-widget-container\">\n\t\t\t\t\t\t\t<ul>\n<li>\u00c9 proibido fumar dentro dos apartamentos e \u00e1reas fechadas do<br>\nhotel de acordo com a lei n\u00ba 20.660.<\/li>\n<li>N\u00e3o deixe toalhas ou roupas sobre os fog\u00f5es de aquecimento ou itens de qualquer tipo fora dos apartamentos.<\/li>\n<li>As toalhas manchadas de lama ou vinho t\u00eam um custo de USD 20.<\/li>\n<li>A perda da chave do apartamento tem um custo de USD 10.<\/li>\n<li>Mantenha o aquecimento na posi\u00e7\u00e3o piloto, quando o espa\u00e7o n\u00e3o estiver ocupado.<br>\ndepartamento.<\/li>\n<li>Los hu\u00e9spedes deber\u00e1n entregar el \u00e1rea cocina con el aseo correspondiente, de lo contrario se deber\u00e1 cancelar USD 40<\/li>\n<li>N\u00e3o h\u00e1 reembolso por raz\u00f5es clim\u00e1ticas.<\/li>\n<li>Os estacionamentos s\u00e3o de uso exclusivo dos h\u00f3spedes.<\/li>\n<li>O Apart Hotel Bianco n\u00e3o se responsabiliza pela perda de objetos de valor deixados nos carros.<\/li>\n<\/ul>\t\t\t\t\t\t<\/div>\n\t\t\t\t<\/div>\n\t\t\t\t<div class=\"elementor-element elementor-element-4e13fa3f elementor-widget-divider--view-line elementor-widget elementor-widget-divider\" data-id=\"4e13fa3f\" data-element_type=\"widget\" data-widget_type=\"divider.default\">\n\t\t\t\t<div class=\"elementor-widget-container\">\n\t\t\t\t\t<div class=\"elementor-divider\">\n\t\t\t<span class=\"elementor-divider-separator\">\n\t\t\t\t\t\t<\/span>\n\t\t<\/div>\n\t\t\t\t<\/div>\n\t\t\t\t<\/div>\n\t\t\t\t\t<\/div>\n\t\t<\/div>\n\t\t\t\t\t\t\t<\/div>\n\t\t<\/section>\n\t\t\t\t<section class=\"elementor-section elementor-top-section elementor-element elementor-element-1c38949e elementor-section-full_width elementor-section-height-default elementor-section-height-default\" data-id=\"1c38949e\" data-element_type=\"section\">\n\t\t\t\t\t\t<div class=\"elementor-container elementor-column-gap-default\">\n\t\t\t\t\t<div class=\"elementor-column elementor-col-50 elementor-top-column elementor-element elementor-element-74e5096c\" data-id=\"74e5096c\" data-element_type=\"column\" data-settings=\"{&quot;background_background&quot;:&quot;classic&quot;}\">\n\t\t\t<div class=\"elementor-widget-wrap elementor-element-populated\">\n\t\t\t\t\t\t\t\t<div class=\"elementor-element elementor-element-7bddbc7f elementor-widget elementor-widget-heading\" data-id=\"7bddbc7f\" data-element_type=\"widget\" data-widget_type=\"heading.default\">\n\t\t\t\t<div class=\"elementor-widget-container\">\n\t\t\t<h3 class=\"elementor-heading-title elementor-size-default\">Protocolo<\/h3>\t\t<\/div>\n\t\t\t\t<\/div>\n\t\t\t\t<div class=\"elementor-element elementor-element-7f6905dd elementor-widget elementor-widget-heading\" data-id=\"7f6905dd\" data-element_type=\"widget\" data-widget_type=\"heading.default\">\n\t\t\t\t<div class=\"elementor-widget-container\">\n\t\t\t<h2 class=\"elementor-heading-title elementor-size-default\">Covid-19<\/h2>\t\t<\/div>\n\t\t\t\t<\/div>\n\t\t\t\t<div class=\"elementor-element elementor-element-48d7a530 elementor-widget elementor-widget-heading\" data-id=\"48d7a530\" data-element_type=\"widget\" data-widget_type=\"heading.default\">\n\t\t\t\t<div class=\"elementor-widget-container\">\n\t\t\t<h4 class=\"elementor-heading-title elementor-size-default\"><span style=\"font-size: 20px; text-transform: none; white-space: normal;\">Seguimos nos cuidando!<\/span><\/h4>\t\t<\/div>\n\t\t\t\t<\/div>\n\t\t\t\t<div class=\"elementor-element elementor-element-72f4a4ec elementor-widget elementor-widget-text-editor\" data-id=\"72f4a4ec\" data-element_type=\"widget\" data-widget_type=\"text-editor.default\">\n\t\t\t\t<div class=\"elementor-widget-container\">\n\t\t\t\t\t\t\t<p><span style=\"color: var( --e-global-color-text );\">Para viver uma experi\u00eancia segura e incr\u00edvel durante esta bela estadia na montanha e na neve.<\/span><\/p>\t\t\t\t\t\t<\/div>\n\t\t\t\t<\/div>\n\t\t\t\t<div class=\"elementor-element elementor-element-38d2063 elementor-widget elementor-widget-text-editor\" data-id=\"38d2063\" data-element_type=\"widget\" data-widget_type=\"text-editor.default\">\n\t\t\t\t<div class=\"elementor-widget-container\">\n\t\t\t\t\t\t\t<ul><li><span style=\"font-weight: 400;\">Uso obligatorio de mascarilla <\/span><\/li><li><span style=\"font-weight: 400;\">Control de temperatura <\/span><\/li><li><span style=\"font-weight: 400;\">Uso de alcohol gel <\/span><\/li><\/ul>\t\t\t\t\t\t<\/div>\n\t\t\t\t<\/div>\n\t\t\t\t<div class=\"elementor-element elementor-element-38b294f3 elementor-widget-divider--view-line elementor-widget elementor-widget-divider\" data-id=\"38b294f3\" data-element_type=\"widget\" data-widget_type=\"divider.default\">\n\t\t\t\t<div class=\"elementor-widget-container\">\n\t\t\t\t\t<div class=\"elementor-divider\">\n\t\t\t<span class=\"elementor-divider-separator\">\n\t\t\t\t\t\t<\/span>\n\t\t<\/div>\n\t\t\t\t<\/div>\n\t\t\t\t<\/div>\n\t\t\t\t\t<\/div>\n\t\t<\/div>\n\t\t\t\t<div class=\"elementor-column elementor-col-50 elementor-top-column elementor-element elementor-element-158600f2\" data-id=\"158600f2\" data-element_type=\"column\">\n\t\t\t<div class=\"elementor-widget-wrap elementor-element-populated\">\n\t\t\t\t\t\t\t\t<div class=\"elementor-element elementor-element-4d6cd8a2 elementor-widget elementor-widget-image\" data-id=\"4d6cd8a2\" data-element_type=\"widget\" data-widget_type=\"image.default\">\n\t\t\t\t<div class=\"elementor-widget-container\">\n\t\t\t\t\t\t\t\t\t\t\t\t\t\t\t<img width=\"1920\" height=\"1277\" src=\"https:\/\/aparthotelbianco.cl\/wp-content\/uploads\/2022\/05\/Protocolos.jpg\" class=\"attachment-full size-full\" alt=\"\" srcset=\"https:\/\/aparthotelbianco.cl\/wp-content\/uploads\/2022\/05\/Protocolos.jpg 1920w, https:\/\/aparthotelbianco.cl\/wp-content\/uploads\/2022\/05\/Protocolos-300x200.jpg 300w, https:\/\/aparthotelbianco.cl\/wp-content\/uploads\/2022\/05\/Protocolos-1024x681.jpg 1024w, https:\/\/aparthotelbianco.cl\/wp-content\/uploads\/2022\/05\/Protocolos-768x511.jpg 768w, https:\/\/aparthotelbianco.cl\/wp-content\/uploads\/2022\/05\/Protocolos-1536x1022.jpg 1536w\" sizes=\"(max-width: 1920px) 100vw, 1920px\" \/>\t\t\t\t\t\t\t\t\t\t\t\t\t\t\t<\/div>\n\t\t\t\t<\/div>\n\t\t\t\t\t<\/div>\n\t\t<\/div>\n\t\t\t\t\t\t\t<\/div>\n\t\t<\/section>\n\t\t\t\t\t\t\t<\/div>\n\t\t","protected":false},"excerpt":{"rendered":"<p>Regras N\u00e3o queremos te encher de regras! Creamos unas pol\u00edticas sencillas, transparentes y super claras para mantener la armon\u00eda y buenas vibras. Nosso regulamento interno Hor\u00e1rios de check-in e check-out Entrada: 15h00 Sa\u00edda: 11h00 &nbsp; Sabemos que \u00e9 dif\u00edcil partir, mas devemos preparar uma nova experi\u00eancia. \u00a1Ay\u00fadanos! dejando el departamento libre a m\u00e1s tardar a [&hellip;]<\/p>\n","protected":false},"author":4,"featured_media":596,"parent":0,"menu_order":0,"comment_status":"closed","ping_status":"closed","template":"elementor_header_footer","meta":[],"_links":{"self":[{"href":"https:\/\/aparthotelbianco.cl\/pt-br\/wp-json\/wp\/v2\/pages\/1116"}],"collection":[{"href":"https:\/\/aparthotelbianco.cl\/pt-br\/wp-json\/wp\/v2\/pages"}],"about":[{"href":"https:\/\/aparthotelbianco.cl\/pt-br\/wp-json\/wp\/v2\/types\/page"}],"author":[{"embeddable":true,"href":"https:\/\/aparthotelbianco.cl\/pt-br\/wp-json\/wp\/v2\/users\/4"}],"replies":[{"embeddable":true,"href":"https:\/\/aparthotelbianco.cl\/pt-br\/wp-json\/wp\/v2\/comments?post=1116"}],"version-history":[{"count":0,"href":"https:\/\/aparthotelbianco.cl\/pt-br\/wp-json\/wp\/v2\/pages\/1116\/revisions"}],"wp:featuredmedia":[{"embeddable":true,"href":"https:\/\/aparthotelbianco.cl\/pt-br\/wp-json\/wp\/v2\/media\/596"}],"wp:attachment":[{"href":"https:\/\/aparthotelbianco.cl\/pt-br\/wp-json\/wp\/v2\/media?parent=1116"}],"curies":[{"name":"wp","href":"https:\/\/api.w.org\/{rel}","templated":true}]}}